{"id":2782,"date":"2021-04-13T20:30:48","date_gmt":"2021-04-13T18:30:48","guid":{"rendered":"https:\/\/www.milanobluemamaia.ro\/?page_id=2782"},"modified":"2025-07-25T20:26:41","modified_gmt":"2025-07-25T18:26:41","slug":"informatii-cookies","status":"publish","type":"page","link":"https:\/\/www.milanobluemamaia.ro\/en\/informatii-cookies\/","title":{"rendered":"Cookie Policy"},"content":{"rendered":"<div data-elementor-type=\"wp-page\" data-elementor-id=\"2782\" class=\"elementor elementor-2782\" data-elementor-post-type=\"page\">\n\t\t\t\t<div class=\"elementor-element elementor-element-601dba86 e-flex e-con-boxed e-con e-parent\" data-id=\"601dba86\" data-element_type=\"container\" data-e-type=\"container\" data-settings=\"{&quot;hoteller_ext_is_background_parallax&quot;:&quot;false&quot;,&quot;hoteller_ext_is_background_on_scroll&quot;:&quot;false&quot;,&quot;hoteller_ext_link_sidemenu&quot;:&quot;false&quot;,&quot;hoteller_ext_link_fullmenu&quot;:&quot;false&quot;,&quot;hoteller_ext_link_closed_fullmenu&quot;:&quot;false&quot;,&quot;hoteller_ext_is_scrollme&quot;:&quot;false&quot;,&quot;hoteller_ext_is_smoove&quot;:&quot;false&quot;,&quot;hoteller_ext_is_parallax_mouse&quot;:&quot;false&quot;,&quot;hoteller_ext_is_infinite&quot;:&quot;false&quot;,&quot;hoteller_ext_is_fadeout_animation&quot;:&quot;false&quot;,&quot;hoteller_ext_mobile_static&quot;:&quot;false&quot;}\">\n\t\t\t\t\t<div class=\"e-con-inner\">\n\t\t\t\t<div class=\"elementor-element elementor-element-18dc8f92 elementor-widget elementor-widget-text-editor\" data-id=\"18dc8f92\" data-element_type=\"widget\" data-e-type=\"widget\" data-settings=\"{&quot;hoteller_ext_link_sidemenu&quot;:&quot;false&quot;,&quot;hoteller_ext_link_fullmenu&quot;:&quot;false&quot;,&quot;hoteller_ext_link_closed_fullmenu&quot;:&quot;false&quot;,&quot;hoteller_ext_is_scrollme&quot;:&quot;false&quot;,&quot;hoteller_ext_is_smoove&quot;:&quot;false&quot;,&quot;hoteller_ext_is_parallax_mouse&quot;:&quot;false&quot;,&quot;hoteller_ext_is_infinite&quot;:&quot;false&quot;,&quot;hoteller_ext_is_fadeout_animation&quot;:&quot;false&quot;,&quot;hoteller_ext_mobile_static&quot;:&quot;false&quot;}\" data-widget_type=\"text-editor.default\">\n\t\t\t\t<div class=\"elementor-widget-container\">\n\t\t\t\t\t\t\t\t\t<p data-start=\"169\" data-end=\"206\"><strong data-start=\"169\" data-end=\"206\">Last updated: July 25, 2025<\/strong><\/p><p data-start=\"208\" data-end=\"406\">The website <strong data-start=\"216\" data-end=\"243\"><a class=\"\" href=\"http:\/\/www.milanobluemamaia.ro\/en\/\" target=\"_new\" rel=\"noopener\" data-start=\"218\" data-end=\"241\">www.milanobluemamaia.ro<\/a><\/strong> uses cookies that are strictly necessary for the correct and optimal functioning of the site. We do not use analytics, marketing or behavioral tracking cookies.<\/p><hr data-start=\"408\" data-end=\"411\" \/><h2 data-start=\"413\" data-end=\"437\">What are cookies?<\/h2><p data-start=\"439\" data-end=\"660\">Cookies are small text files stored on your device when you visit a website. They help the website function properly and provide you with a personalized experience by remembering your settings and preferences.<\/p><hr data-start=\"662\" data-end=\"665\" \/><h2 data-start=\"667\" data-end=\"692\">What cookies do we use?<\/h2><p data-start=\"694\" data-end=\"829\">On our website, we use exclusively <strong data-start=\"729\" data-end=\"759\">strictly necessary cookies<\/strong>, which cannot be disabled without affecting the functionality of the site.<\/p><div class=\"_tableContainer_80l1q_1\"><div class=\"_tableWrapper_80l1q_14 group flex w-fit flex-col-reverse\" tabindex=\"-1\"><table class=\"w-fit min-w-(--thread-content-width)\" data-start=\"831\" data-end=\"1239\"><thead data-start=\"831\" data-end=\"961\"><tr data-start=\"831\" data-end=\"961\"><th data-start=\"831\" data-end=\"850\" data-col-size=\"sm\">Cookie type<\/th><th data-start=\"850\" data-end=\"863\" data-col-size=\"sm\">Surname<\/th><th data-start=\"863\" data-end=\"923\" data-col-size=\"md\">Purpose<\/th><th data-start=\"923\" data-end=\"937\" data-col-size=\"sm\">Duration<\/th><th data-start=\"937\" data-end=\"961\" data-col-size=\"sm\">Provider<\/th><\/tr><\/thead><tbody data-start=\"1093\" data-end=\"1239\"><tr data-start=\"1093\" data-end=\"1239\"><td data-start=\"1093\" data-end=\"1112\" data-col-size=\"sm\">Strictly necessary<\/td><td data-col-size=\"sm\" data-start=\"1112\" data-end=\"1125\">elementor<\/td><td data-col-size=\"md\" data-start=\"1125\" data-end=\"1198\">Allows correct loading and display of content created with Elementor<\/td><td data-col-size=\"sm\" data-start=\"1198\" data-end=\"1212\">Persistent<\/td><td data-col-size=\"sm\" data-start=\"1212\" data-end=\"1239\"><a class=\"\" href=\"http:\/\/www.milanobluemamaia.ro\/en\/\" target=\"_new\" rel=\"noopener\" data-start=\"1214\" data-end=\"1237\">www.milanobluemamaia.ro<\/a><\/td><\/tr><\/tbody><\/table><div class=\"sticky end-(--thread-content-margin) h-0 self-end select-none\"><div class=\"absolute end-0 flex items-end\">\u00a0<\/div><\/div><\/div><\/div><hr data-start=\"1241\" data-end=\"1244\" \/><h2 data-start=\"1246\" data-end=\"1281\">Cookie consent<\/h2><p data-start=\"1283\" data-end=\"1466\">Because we only use strictly necessary cookies, <strong data-start=\"1334\" data-end=\"1377\">explicit consent is not required<\/strong> of visitors, according to Regulation (EU) 2016\/679 (GDPR) and ANSPDCP recommendations.<\/p><p data-start=\"1468\" data-end=\"1623\">If we add cookies for analytics or marketing in the future, we will update this policy and display a consent banner to visitors.<\/p><hr data-start=\"1625\" data-end=\"1628\" \/><h2 data-start=\"1630\" data-end=\"1671\">Managing and controlling cookies<\/h2><p data-start=\"1673\" data-end=\"1757\">You can control and delete cookies at any time from your browser settings:<\/p><ul data-start=\"1759\" data-end=\"2024\"><li data-start=\"1759\" data-end=\"1845\"><p data-start=\"1761\" data-end=\"1845\">In Chrome: Settings &gt; Privacy &amp; security &gt; Cookies and other site data<\/p><\/li><li data-start=\"1846\" data-end=\"1928\"><p data-start=\"1848\" data-end=\"1928\">In Firefox: Options &gt; Privacy &amp; Security &gt; Cookies and site data<\/p><\/li><li data-start=\"1929\" data-end=\"1980\"><p data-start=\"1931\" data-end=\"1980\">In Edge: Settings &gt; Cookies and site permissions<\/p><\/li><li data-start=\"1981\" data-end=\"2024\"><p data-start=\"1983\" data-end=\"2024\">In Safari: Preferences &gt; Privacy<\/p><\/li><\/ul><p data-start=\"2026\" data-end=\"2109\">De asemenea, po\u021bi folosi extensii sau aplica\u021bii care blocheaz\u0103 cookie-uri nedorite.<\/p><hr data-start=\"2111\" data-end=\"2114\" \/><h2 data-start=\"2116\" data-end=\"2150\">Security and privacy<\/h2><ul data-start=\"2152\" data-end=\"2324\"><li data-start=\"2152\" data-end=\"2222\"><p data-start=\"2154\" data-end=\"2222\">Cookie-urile folosite nu colecteaz\u0103 date personale identificabile.<\/p><\/li><li data-start=\"2223\" data-end=\"2294\"><p data-start=\"2225\" data-end=\"2294\">We do not allow tracking of your behavior outside of our site.<\/p><\/li><li data-start=\"2295\" data-end=\"2324\"><p data-start=\"2297\" data-end=\"2324\">They are not shared with third parties.<\/p><\/li><\/ul><hr data-start=\"2326\" data-end=\"2329\" \/><h2 data-start=\"2331\" data-end=\"2341\">Contact<\/h2><p data-start=\"2343\" data-end=\"2441\">For any questions related to the use of cookies or data protection, you can contact us:<\/p><p data-start=\"2443\" data-end=\"2509\"><strong data-start=\"3609\" data-end=\"3619\">Email:<\/strong> <a class=\"cursor-pointer\" rel=\"noopener\" data-start=\"3620\" data-end=\"3646\">milanoblueoffice@gmail.com<\/a><br data-start=\"3646\" data-end=\"3649\" \/><strong data-start=\"3649\" data-end=\"3661\">Phone:<\/strong> 0750 846 986<br data-start=\"3674\" data-end=\"3677\" \/><strong data-start=\"3677\" data-end=\"3688\">Address:<\/strong> Sta\u021biunea Mamaia, careul 20, lot 12, Constan\u021ba, Rom\u00e2nia<\/p>\t\t\t\t\t\t\t\t<\/div>\n\t\t\t\t<\/div>\n\t\t\t\t\t<\/div>\n\t\t\t\t<\/div>\n\t\t\t\t<\/div>","protected":false},"excerpt":{"rendered":"<p>Ultima actualizare: 25 Iulie 2025 Site-ul www.milanobluemamaia.ro utilizeaz\u0103 cookie-uri strict necesare pentru func\u021bionarea corect\u0103 \u0219i optim\u0103 a site-ului. Nu folosim cookie-uri de analiz\u0103, marketing sau urm\u0103rire comportamental\u0103. Ce sunt cookie-urile? Cookie-urile sunt fi\u0219iere text mici, stocate pe dispozitivul t\u0103u atunci [&hellip;]<\/p>\n","protected":false},"author":1,"featured_media":0,"parent":0,"menu_order":0,"comment_status":"closed","ping_status":"closed","template":"","meta":{"footnotes":""},"class_list":["post-2782","page","type-page","status-publish","hentry"],"aioseo_notices":[],"_links":{"self":[{"href":"https:\/\/www.milanobluemamaia.ro\/en\/wp-json\/wp\/v2\/pages\/2782","targetHints":{"allow":["GET"]}}],"collection":[{"href":"https:\/\/www.milanobluemamaia.ro\/en\/wp-json\/wp\/v2\/pages"}],"about":[{"href":"https:\/\/www.milanobluemamaia.ro\/en\/wp-json\/wp\/v2\/types\/page"}],"author":[{"embeddable":true,"href":"https:\/\/www.milanobluemamaia.ro\/en\/wp-json\/wp\/v2\/users\/1"}],"replies":[{"embeddable":true,"href":"https:\/\/www.milanobluemamaia.ro\/en\/wp-json\/wp\/v2\/comments?post=2782"}],"version-history":[{"count":0,"href":"https:\/\/www.milanobluemamaia.ro\/en\/wp-json\/wp\/v2\/pages\/2782\/revisions"}],"wp:attachment":[{"href":"https:\/\/www.milanobluemamaia.ro\/en\/wp-json\/wp\/v2\/media?parent=2782"}],"curies":[{"name":"wp","href":"https:\/\/api.w.org\/{rel}","templated":true}]}}